{"id":484,"date":"2022-06-07T09:55:04","date_gmt":"2022-06-07T09:55:04","guid":{"rendered":"https:\/\/nuovo.giannaguide.com\/?page_id=484"},"modified":"2022-08-31T16:01:40","modified_gmt":"2022-08-31T16:01:40","slug":"dicono-di-me","status":"publish","type":"page","link":"https:\/\/nuovo.giannaguide.com\/fr\/dicono-di-me\/","title":{"rendered":"Dicono di me"},"content":{"rendered":"<p>[et_pb_section fb_built=&#8221;1&#8243; _builder_version=&#8221;4.17.4&#8243; _module_preset=&#8221;default&#8221; custom_margin=&#8221;||-100px||false|false&#8221; global_colors_info=&#8221;{}&#8221;][et_pb_row _builder_version=&#8221;4.17.4&#8243; _module_preset=&#8221;default&#8221; global_colors_info=&#8221;{}&#8221;][et_pb_column type=&#8221;4_4&#8243; _builder_version=&#8221;4.17.4&#8243; _module_preset=&#8221;default&#8221; global_colors_info=&#8221;{}&#8221;][et_pb_text _builder_version=&#8221;4.17.4&#8243; _module_preset=&#8221;default&#8221; text_font=&#8221;Noto Serif||||||||&#8221; header_font=&#8221;Noto Serif|700||on|||||dotted&#8221; header_text_color=&#8221;#fe9900&#8243; header_font_size=&#8221;60px&#8221; header_line_height=&#8221;1.3em&#8221; background_size=&#8221;initial&#8221; background_position=&#8221;top_left&#8221; background_repeat=&#8221;repeat&#8221; custom_margin=&#8221;|||&#8221; animation_style=&#8221;fade&#8221; header_font_size_last_edited=&#8221;off|desktop&#8221; locked=&#8221;off&#8221; global_colors_info=&#8221;{}&#8221;]<\/p>\n<h1 style=\"text-align: center;\">Commentaires<\/h1>\n<p>[\/et_pb_text][\/et_pb_column][\/et_pb_row][\/et_pb_section][et_pb_section fb_built=&#8221;1&#8243; _builder_version=&#8221;4.17.4&#8243; _module_preset=&#8221;default&#8221; global_colors_info=&#8221;{}&#8221;][et_pb_row _builder_version=&#8221;4.17.4&#8243; _module_preset=&#8221;default&#8221; global_colors_info=&#8221;{}&#8221;][et_pb_column type=&#8221;4_4&#8243; _builder_version=&#8221;4.17.4&#8243; _module_preset=&#8221;default&#8221; global_colors_info=&#8221;{}&#8221;][et_pb_text _builder_version=&#8221;4.17.4&#8243; _module_preset=&#8221;default&#8221; text_font=&#8221;Noto Sans||||||||&#8221; text_text_color=&#8221;#404040&#8243; text_font_size=&#8221;16px&#8221; global_colors_info=&#8221;{}&#8221;]<\/p>\n<p><strong><span style=\"color: #993300;\">&#8230;mi ha colpito l\u2019amore e la passione con cui ha illustrato i vari momenti della visita e che ci ha fatto \u201cgustare\u201d oltremodo la citt\u00e0 di Arezzo<\/span> \u2013<span style=\"color: #ff9900;\"> having shed light on exactly what we were seeing made such a difference<\/span> <span style=\"color: #993300;\">\u2013 la Sig.ra Gianna Chiaretti si \u00e8 dimostrata veramente competente, esperta e gentile \u2013<\/span><span style=\"color: #333399;\"> vous nous avez passion\u00e9s pour Arezzo <\/span>\u2013<span style=\"color: #ff9900;\"> the guide, Gianna Chiaretti, not only knew the material but presented it in a fascinating and captivating way. My father was enthralled!<\/span> \u2013 <span style=\"color: #333399;\">vous avez permis \u00e0 chacun d\u2019acqu\u00e9rir l\u2019autonomie intellectuelle n\u00e9cessaire \u00e0 un minimum de compr\u00e9hension de toutes ces beaut\u00e9s<\/span> <span style=\"color: #993300;\">\u2013 una guida cos\u00ec brava non l\u2019abbiamo mai vista&#8230; dieci e lode non \u00e8 abbastanza! \u2013<\/span><span style=\"color: #333399;\"> visite de qualit\u00e9<\/span> \u2013<span style=\"color: #ff9900;\"> your tours were highspots of our visit<\/span> \u2013 <span style=\"color: #333399;\">vous nous avez donn\u00e9 les clefs pour comprendre tout<\/span> \u2013 <span style=\"color: #ff9900;\">we want to thank you for such a fine experience. Your knowledge of art and history and your enthusiasm made the day memorable \u2013<\/span> <span style=\"color: #993300;\">dobbiamo riconoscere con molto piacere che il successo della nostra gita \u00e8 dovuto per la maggior parte a Lei\u2026<\/span><\/strong><\/p>\n<p>[\/et_pb_text][\/et_pb_column][\/et_pb_row][\/et_pb_section][et_pb_section fb_built=&#8221;1&#8243; admin_label=&#8221;Service Section&#8221; _builder_version=&#8221;4.17.4&#8243; _module_preset=&#8221;default&#8221; background_color=&#8221;#fafafa&#8221; custom_margin=&#8221;|||&#8221; custom_padding=&#8221;110px||110px|&#8221; global_colors_info=&#8221;{}&#8221;][et_pb_row _builder_version=&#8221;4.17.4&#8243; _module_preset=&#8221;default&#8221; global_colors_info=&#8221;{}&#8221;][et_pb_column type=&#8221;4_4&#8243; _builder_version=&#8221;4.17.4&#8243; _module_preset=&#8221;default&#8221; global_colors_info=&#8221;{}&#8221;][et_pb_gallery gallery_ids=&#8221;959,489,939,944,490,942,491,946,492,493,960,941,838,494,955,953,495,496,841,940,945,948,949,950,951,952,954,956,957,958,961,962,963&#8243; posts_number=&#8221;35&#8243; orientation=&#8221;portrait&#8221; show_title_and_caption=&#8221;off&#8221; hover_icon=&#8221;&#x76;||divi||400&#8243; _builder_version=&#8221;4.18.0&#8243; _module_preset=&#8221;default&#8221; hover_enabled=&#8221;0&#8243; global_colors_info=&#8221;{}&#8221; sticky_enabled=&#8221;0&#8243;][\/et_pb_gallery][\/et_pb_column][\/et_pb_row][\/et_pb_section][et_pb_section fb_built=&#8221;1&#8243; _builder_version=&#8221;4.17.4&#8243; _module_preset=&#8221;default&#8221; global_colors_info=&#8221;{}&#8221;][et_pb_row _builder_version=&#8221;4.17.4&#8243; _module_preset=&#8221;default&#8221; global_colors_info=&#8221;{}&#8221;][et_pb_column type=&#8221;4_4&#8243; _builder_version=&#8221;4.17.4&#8243; _module_preset=&#8221;default&#8221; global_colors_info=&#8221;{}&#8221;][et_pb_text _builder_version=&#8221;4.17.4&#8243; _module_preset=&#8221;default&#8221; text_font=&#8221;Noto Sans||||||||&#8221; text_font_size=&#8221;20px&#8221; global_colors_info=&#8221;{}&#8221;]<\/p>\n<p style=\"text-align: center;\">Leggi le recensioni su:<\/p>\n<p>[\/et_pb_text][\/et_pb_column][\/et_pb_row][et_pb_row column_structure=&#8221;1_2,1_2&#8243; use_custom_gutter=&#8221;on&#8221; gutter_width=&#8221;1&#8243; make_equal=&#8221;on&#8221; _builder_version=&#8221;4.17.4&#8243; _module_preset=&#8221;default&#8221; width=&#8221;31%&#8221; max_width=&#8221;2560px&#8221; min_height=&#8221;100px&#8221; height=&#8221;329px&#8221; max_height=&#8221;1000px&#8221; custom_padding=&#8221;0px||||false|false&#8221; global_colors_info=&#8221;{}&#8221;][et_pb_column type=&#8221;1_2&#8243; _builder_version=&#8221;4.17.4&#8243; _module_preset=&#8221;default&#8221; global_colors_info=&#8221;{}&#8221;][et_pb_image src=&#8221;https:\/\/nuovo.giannaguide.com\/wp-content\/uploads\/2022\/07\/Tripadvisor_Logo.png&#8221; url=&#8221;https:\/\/www.tripadvisor.it\/Attraction_Review-g194673-d9802082-Reviews-Freelance_Tour_Guide_Gianna_Chiaretti-Arezzo_Province_of_Arezzo_Tuscany.html&#8221; _builder_version=&#8221;4.17.4&#8243; _module_preset=&#8221;default&#8221; global_colors_info=&#8221;{}&#8221;][\/et_pb_image][\/et_pb_column][et_pb_column type=&#8221;1_2&#8243; _builder_version=&#8221;4.17.4&#8243; _module_preset=&#8221;default&#8221; global_colors_info=&#8221;{}&#8221;][et_pb_image src=&#8221;https:\/\/nuovo.giannaguide.com\/wp-content\/uploads\/2022\/07\/Google_Logo.png&#8221; url=&#8221;https:\/\/www.google.com\/search?q=gianna+chiaretti&#038;rlz=1C1CHBF_itIT889IT889&#038;oq=gianna+chiaretti+&#038;aqs=chrome..69i57j46i512j69i59j0i512j46i512j0i512l2j46i512l2.5173j0j15&#038;sourceid=chrome&#038;ie=UTF-8&#8243; _builder_version=&#8221;4.17.4&#8243; _module_preset=&#8221;default&#8221; global_colors_info=&#8221;{}&#8221;][\/et_pb_image][\/et_pb_column][\/et_pb_row][\/et_pb_section][et_pb_section fb_built=&#8221;1&#8243; fullwidth=&#8221;on&#8221; _builder_version=&#8221;4.17.0&#8243; _module_preset=&#8221;default&#8221; global_colors_info=&#8221;{}&#8221;][et_pb_fullwidth_image src=&#8221;https:\/\/nuovo.giannaguide.com\/wp-content\/uploads\/2022\/03\/architecture-g4fac240a4_1920.jpg&#8221; _builder_version=&#8221;4.17.0&#8243; _module_preset=&#8221;default&#8221; global_colors_info=&#8221;{}&#8221;][\/et_pb_fullwidth_image][\/et_pb_section]<\/p>","protected":false},"excerpt":{"rendered":"<p>dicono di me&#8230;mi ha colpito l\u2019amore e la passione con cui ha illustrato i vari momenti della visita e che ci ha fatto \u201cgustare\u201d oltremodo la citt\u00e0 di Arezzo \u2013 having shed light on exactly what we were seeing made such a difference \u2013 la Sig.ra Gianna Chiaretti si \u00e8 dimostrata veramente competente, esperta e [&hellip;]<\/p>","protected":false},"author":1,"featured_media":0,"parent":0,"menu_order":0,"comment_status":"closed","ping_status":"closed","template":"","meta":{"_et_pb_use_builder":"on","_et_pb_old_content":"","_et_gb_content_width":"","footnotes":""},"class_list":["post-484","page","type-page","status-publish","hentry"],"_links":{"self":[{"href":"https:\/\/nuovo.giannaguide.com\/fr\/wp-json\/wp\/v2\/pages\/484","targetHints":{"allow":["GET"]}}],"collection":[{"href":"https:\/\/nuovo.giannaguide.com\/fr\/wp-json\/wp\/v2\/pages"}],"about":[{"href":"https:\/\/nuovo.giannaguide.com\/fr\/wp-json\/wp\/v2\/types\/page"}],"author":[{"embeddable":true,"href":"https:\/\/nuovo.giannaguide.com\/fr\/wp-json\/wp\/v2\/users\/1"}],"replies":[{"embeddable":true,"href":"https:\/\/nuovo.giannaguide.com\/fr\/wp-json\/wp\/v2\/comments?post=484"}],"version-history":[{"count":32,"href":"https:\/\/nuovo.giannaguide.com\/fr\/wp-json\/wp\/v2\/pages\/484\/revisions"}],"predecessor-version":[{"id":964,"href":"https:\/\/nuovo.giannaguide.com\/fr\/wp-json\/wp\/v2\/pages\/484\/revisions\/964"}],"wp:attachment":[{"href":"https:\/\/nuovo.giannaguide.com\/fr\/wp-json\/wp\/v2\/media?parent=484"}],"curies":[{"name":"wp","href":"https:\/\/api.w.org\/{rel}","templated":true}]}}